{"id":3909,"date":"2023-08-03T14:45:33","date_gmt":"2023-08-03T17:45:33","guid":{"rendered":"https:\/\/teadcursos.com\/basico\/?page_id=3909"},"modified":"2023-08-04T13:31:53","modified_gmt":"2023-08-04T16:31:53","slug":"politica-de-privacidade","status":"publish","type":"page","link":"https:\/\/tableautaubate.com.br\/ensino-regular-taubate\/politica-de-privacidade\/","title":{"rendered":"Pol\u00edtica de Privacidade"},"content":{"rendered":"\t\t<div data-elementor-type=\"wp-page\" data-elementor-id=\"3909\" class=\"elementor elementor-3909\">\n\t\t\t\t\t\t<section class=\"elementor-section elementor-top-section elementor-element elementor-element-81c5bd2 elementor-section-full_width elementor-section-stretched elementor-section-height-default elementor-section-height-default wpr-particle-no wpr-jarallax-no wpr-parallax-no wpr-sticky-section-no\" data-id=\"81c5bd2\" data-element_type=\"section\" data-settings=\"{&quot;stretch_section&quot;:&quot;section-stretched&quot;,&quot;background_background&quot;:&quot;classic&quot;}\">\n\t\t\t\t\t\t<div class=\"elementor-container elementor-column-gap-wider\">\n\t\t\t\t\t<div class=\"elementor-column elementor-col-100 elementor-top-column elementor-element elementor-element-6cc36ca\" data-id=\"6cc36ca\" data-element_type=\"column\">\n\t\t\t<div class=\"elementor-widget-wrap elementor-element-populated\">\n\t\t\t\t\t\t<section class=\"elementor-section elementor-inner-section elementor-element elementor-element-795cc34 elementor-section-full_width elementor-section-height-default elementor-section-height-default wpr-particle-no wpr-jarallax-no wpr-parallax-no wpr-sticky-section-no\" data-id=\"795cc34\" data-element_type=\"section\">\n\t\t\t\t\t\t<div class=\"elementor-container elementor-column-gap-default\">\n\t\t\t\t\t<div class=\"elementor-column elementor-col-50 elementor-inner-column elementor-element elementor-element-c50f255\" data-id=\"c50f255\" data-element_type=\"column\">\n\t\t\t<div class=\"elementor-widget-wrap elementor-element-populated\">\n\t\t\t\t\t\t<div class=\"elementor-element elementor-element-ae015f1 elementor-widget elementor-widget-text-editor\" data-id=\"ae015f1\" data-element_type=\"widget\" data-widget_type=\"text-editor.default\">\n\t\t\t\t<div class=\"elementor-widget-container\">\n\t\t\t\t\t\t\t\t\t<h1><span style=\"color: #333333;\">Pol\u00edtica\u00a0<\/span><span style=\"color: #5e33ff;\"><br \/>de Privacidade<\/span><\/h1>\t\t\t\t\t\t\t\t<\/div>\n\t\t\t\t<\/div>\n\t\t\t\t\t<\/div>\n\t\t<\/div>\n\t\t\t\t<div class=\"elementor-column elementor-col-50 elementor-inner-column elementor-element elementor-element-950533c\" data-id=\"950533c\" data-element_type=\"column\">\n\t\t\t<div class=\"elementor-widget-wrap elementor-element-populated\">\n\t\t\t\t\t\t<div class=\"elementor-element elementor-element-009efcc elementor-widget elementor-widget-image\" data-id=\"009efcc\" data-element_type=\"widget\" data-widget_type=\"image.default\">\n\t\t\t\t<div class=\"elementor-widget-container\">\n\t\t\t\t\t\t\t\t\t\t\t\t\t\t\t<img fetchpriority=\"high\" decoding=\"async\" width=\"300\" height=\"234\" src=\"https:\/\/tableautaubate.com.br\/ensino-regular-taubate\/wp-content\/uploads\/2022\/08\/cropped-cropped-logo-tableau-300x234.png\" class=\"attachment-medium size-medium wp-image-2918\" alt=\"\" srcset=\"https:\/\/tableautaubate.com.br\/ensino-regular-taubate\/wp-content\/uploads\/2022\/08\/cropped-cropped-logo-tableau-300x234.png 300w, https:\/\/tableautaubate.com.br\/ensino-regular-taubate\/wp-content\/uploads\/2022\/08\/cropped-cropped-logo-tableau-187x146.png 187w, https:\/\/tableautaubate.com.br\/ensino-regular-taubate\/wp-content\/uploads\/2022\/08\/cropped-cropped-logo-tableau-50x39.png 50w, https:\/\/tableautaubate.com.br\/ensino-regular-taubate\/wp-content\/uploads\/2022\/08\/cropped-cropped-logo-tableau-96x75.png 96w, https:\/\/tableautaubate.com.br\/ensino-regular-taubate\/wp-content\/uploads\/2022\/08\/cropped-cropped-logo-tableau.png 510w\" sizes=\"(max-width: 300px) 100vw, 300px\" \/>\t\t\t\t\t\t\t\t\t\t\t\t\t\t\t<\/div>\n\t\t\t\t<\/div>\n\t\t\t\t\t<\/div>\n\t\t<\/div>\n\t\t\t\t\t<\/div>\n\t\t<\/section>\n\t\t\t\t\t<\/div>\n\t\t<\/div>\n\t\t\t\t\t<\/div>\n\t\t<\/section>\n\t\t\t\t<section class=\"elementor-section elementor-top-section elementor-element elementor-element-8abd81c elementor-section-stretched elementor-section-boxed elementor-section-height-default elementor-section-height-default wpr-particle-no wpr-jarallax-no wpr-parallax-no wpr-sticky-section-no\" data-id=\"8abd81c\" data-element_type=\"section\" data-settings=\"{&quot;stretch_section&quot;:&quot;section-stretched&quot;}\">\n\t\t\t\t\t\t<div class=\"elementor-container elementor-column-gap-wider\">\n\t\t\t\t\t<div class=\"elementor-column elementor-col-100 elementor-top-column elementor-element elementor-element-5408696\" data-id=\"5408696\" data-element_type=\"column\">\n\t\t\t<div class=\"elementor-widget-wrap elementor-element-populated\">\n\t\t\t\t\t\t<section class=\"elementor-section elementor-inner-section elementor-element elementor-element-ece0d19 elementor-section-boxed elementor-section-height-default elementor-section-height-default wpr-particle-no wpr-jarallax-no wpr-parallax-no wpr-sticky-section-no\" data-id=\"ece0d19\" data-element_type=\"section\">\n\t\t\t\t\t\t<div class=\"elementor-container elementor-column-gap-default\">\n\t\t\t\t\t<div class=\"elementor-column elementor-col-100 elementor-inner-column elementor-element elementor-element-4b30fb4\" data-id=\"4b30fb4\" data-element_type=\"column\">\n\t\t\t<div class=\"elementor-widget-wrap elementor-element-populated\">\n\t\t\t\t\t\t<div class=\"elementor-element elementor-element-83d8b65 elementor-widget elementor-widget-text-editor\" data-id=\"83d8b65\" data-element_type=\"widget\" data-widget_type=\"text-editor.default\">\n\t\t\t\t<div class=\"elementor-widget-container\">\n\t\t\t\t\t\t\t\t\t<h6>Pol\u00edtica de Privacidade<\/h6><h2><span style=\"color: #333333;\">Leia e <\/span><span style=\"color: #5e33ff;\">conhe\u00e7a mais<\/span><\/h2>\t\t\t\t\t\t\t\t<\/div>\n\t\t\t\t<\/div>\n\t\t\t\t\t<\/div>\n\t\t<\/div>\n\t\t\t\t\t<\/div>\n\t\t<\/section>\n\t\t\t\t\t<\/div>\n\t\t<\/div>\n\t\t\t\t\t<\/div>\n\t\t<\/section>\n\t\t\t\t<section class=\"elementor-section elementor-top-section elementor-element elementor-element-8fbcd87 elementor-section-stretched elementor-section-boxed elementor-section-height-default elementor-section-height-default wpr-particle-no wpr-jarallax-no wpr-parallax-no wpr-sticky-section-no\" data-id=\"8fbcd87\" data-element_type=\"section\" data-settings=\"{&quot;stretch_section&quot;:&quot;section-stretched&quot;}\">\n\t\t\t\t\t\t<div class=\"elementor-container elementor-column-gap-wider\">\n\t\t\t\t\t<div class=\"elementor-column elementor-col-100 elementor-top-column elementor-element elementor-element-9ed8c0b\" data-id=\"9ed8c0b\" data-element_type=\"column\">\n\t\t\t<div class=\"elementor-widget-wrap elementor-element-populated\">\n\t\t\t\t\t\t<div class=\"elementor-element elementor-element-5a821a4 elementor-widget elementor-widget-text-editor\" data-id=\"5a821a4\" data-element_type=\"widget\" data-widget_type=\"text-editor.default\">\n\t\t\t\t<div class=\"elementor-widget-container\">\n\t\t\t\t\t\t\t\t\t<p>A COL\u00c9GIO TABLEAU TAUBAT\u00c9 tem o compromisso com a transpar\u00eancia, a privacidade e a seguran\u00e7a dos dados de todas as partes interessadas durante todo o processo de intera\u00e7\u00e3o com o site <a href=\"http:\/\/www.colegiotableautaubate.com.br\">www.colegiotableautaubate.com.br<\/a> \u00a0do COL\u00c9GIO TABLEAU TAUBAT\u00c9 TAUBAT\u00c9. Detalhamos a seguir a Pol\u00edtica de Privacidade sobre como coletamos, utilizamos, armazenamos, controlamos ou exclu\u00edmos os dados.<\/p><p>Os dados cadastrais dos clientes n\u00e3o s\u00e3o divulgados para terceiros, exceto por exig\u00eancia legal, ou quando necess\u00e1rios para o processo de entrega (Transportadoras e afins) ou para cobran\u00e7a de cr\u00e9dito de inadimplentes.<\/p><p>Abaixo segue a pol\u00edtica de privacidade da COL\u00c9GIO TABLEAU TAUBAT\u00c9. Ao manifestar seu aceite, voc\u00ea d\u00e1 seu consentimento livre e expresso para que a COL\u00c9GIO TABLEAU TAUBAT\u00c9 colete e utilize as informa\u00e7\u00f5es para os fins descritos nesta Pol\u00edtica.\u00a0<\/p><p>Quadro Resumo:<\/p><p><strong>Agente de tratamento dos dados:\u00a0<\/strong>COL\u00c9GIO TABLEAU TAUBAT\u00c9<\/p><p><strong>Papel da COL\u00c9GIO TABLEAU TAUBAT\u00c9 no tratamento dos dados:\u00a0<\/strong>Predominantemente controlador<\/p><p><strong>Tipo de informa\u00e7\u00f5es pessoais coletadas:\u00a0<\/strong>A COL\u00c9GIO TABLEAU TAUBAT\u00c9 coleta as informa\u00e7\u00f5es das partes interessadas por variados pontos de intera\u00e7\u00e3o, detalhado no item2.<\/p><p><strong>Com que finalidade utilizamos seus dados pessoais?<\/strong> Para atender a pol\u00edtica da Qualidade que \u00e9 atender as necessidades dos nossos clientes atrav\u00e9s da presta\u00e7\u00e3o de servi\u00e7os educacionais de alta qualidade melhorando continuamente nossos processos, detalhado no item 3.<\/p><p><strong>Seus direitos <\/strong>A Lei Geral de Prote\u00e7\u00e3o de Dados (LGPD) d\u00e1 ao Cliente o direito de solicitar a COL\u00c9GIO TABLEAU TAUBAT\u00c9, a qualquer momento, mediante requisi\u00e7\u00e3o formal, informa\u00e7\u00f5es referentes aos dados tratados.<\/p><p>Para que a Pol\u00edtica de Privacidade seja bem compreendida, \u00e9 fundamental esclarecer alguns conceitos importantes:<\/p><ul><li><strong>Partes Interessadas: <\/strong>Clientes, Colaboradores, Comunidade, Fornecedores, Governo e S\u00f3cios.<\/li><li><strong>Dados pessoais<\/strong>\u2013 qualquer informa\u00e7\u00e3o relacionada a uma pessoa que a identifique ou que, usada em combina\u00e7\u00e3o com outras informa\u00e7\u00f5es tratadas, identifique um indiv\u00edduo. Ainda, qualquer informa\u00e7\u00e3o por meio da qual seja poss\u00edvel identificar uma pessoa ou entrar em contato com ela.<\/li><li><strong>Tratamento de dados pessoais<\/strong>\u2013 considera-se tratamento de dado pessoal a coleta, produ\u00e7\u00e3o, recep\u00e7\u00e3o, classifica\u00e7\u00e3o, utiliza\u00e7\u00e3o, acesso, reprodu\u00e7\u00e3o, transmiss\u00e3o, distribui\u00e7\u00e3o, processamento, arquivamento, armazenamento, elimina\u00e7\u00e3o, avalia\u00e7\u00e3o ou controle da informa\u00e7\u00e3o, comunica\u00e7\u00e3o, transfer\u00eancia, difus\u00e3o ou extra\u00e7\u00e3o de dados de pessoas f\u00edsicas.<\/li><li><strong>Titular dados<\/strong>\u2013 qualquer pessoa f\u00edsica que tenha seus dados pessoais tratados pelo COL\u00c9GIO TABLEAU TAUBAT\u00c9;<\/li><li><strong>Finalidade<\/strong>\u2013 o que queremos alcan\u00e7ar com o tratamento de dados pessoais.<\/li><li><strong>Necessidade<\/strong>\u2013 o tratamento de dados <u>pessoais<\/u> deve se limitar ao\u00a0m\u00ednimo necess\u00e1rio\u00a0para o prop\u00f3sito almejado. Ou seja, deve ser pertinente, proporcional e n\u00e3o excessivo.<\/li><li><strong>Consentimento<\/strong>\u2013 autoriza\u00e7\u00e3o clara e objetiva que o titular d\u00e1 para tratamento de seus dados pessoais com finalidade previamente estipulada. Ap\u00f3s dar o\u00a0<strong>consentimento<\/strong>,\u00a0voc\u00ea pode revog\u00e1-lo a qualquer momento. A revoga\u00e7\u00e3o n\u00e3o cancela os processamentos realizados anteriormente.<\/li><\/ul><h3>1. A quem essa pol\u00edtica de privacidade se aplica?<\/h3><p>Aplica-se a todos as partes interessadas que interajam com a COL\u00c9GIO TABLEAU TAUBAT\u00c9, que de alguma forma tenham os dados pessoais tratados pela COL\u00c9GIO TABLEAU TAUBAT\u00c9.<\/p><h3>2. Que tipo de informa\u00e7\u00f5es pessoais coletamos e utilizamos?<\/h3><p>A COL\u00c9GIO TABLEAU TAUBAT\u00c9 coleta e armazena os seguintes tipos de informa\u00e7\u00f5es:<\/p><p><strong>Informa\u00e7\u00f5es que voc\u00ea nos fornece:\u00a0<\/strong>o COL\u00c9GIO TABLEAU TAUBAT\u00c9 coleta informa\u00e7\u00f5es das partes interessadas de diversas formas, como:<\/p><p><u>De Clientes\/Fornecedores\/Comunidade\/Governo\/S\u00f3cios:<\/u><\/p><p>&#8211; Resposta a formul\u00e1rio encaminhado via e-mail pelo COL\u00c9GIO TABLEAU TAUBAT\u00c9<\/p><p>&#8211; Atualiza\u00e7\u00e3o de cadastro de contatos no ERP<\/p><p>&#8211; Coleta de dados via website, e-mail marketing, blog, Skype, whattsapp, facebook, linkedin, youtube, vimeo, Instagram e outras redes sociais que o COL\u00c9GIO TABLEAU TAUBAT\u00c9 possa vir a interagir.<\/p><p>&#8211; Atualiza\u00e7\u00e3o de dados da empresa<\/p><p>&#8211; (DOCUMENTOS F\u00cdSICOS OU C\u00d3PIAS)<\/p><p>&#8211; Pesquisa satisfa\u00e7\u00e3o<\/p><p>&#8211; Divulga\u00e7\u00e3o ou participa\u00e7\u00e3o de eventos comerciais, ou t\u00e9cnicos de forma presencial, ou virtual;<\/p><p>&#8211; Contatos que interajam com website (cat\u00e1logo, folders, formul\u00e1rios) \u00a0<\/p><p>&#8211; Coleta de cookies via website, an\u00fancios, blogs e qualquer intera\u00e7\u00e3o eletr\u00f4nica poss\u00edvel.<\/p><p>&#8211; Fontes p\u00fablicas (por exemplo, dados demogr\u00e1ficos);<\/p><p>&#8211;\u00a0 Provedores de dados (por exemplo, dados relacionados a an\u00fancios publicit\u00e1rios on-line e com base nos interesses das partes interessadas<\/p><p><u>De Funcion\u00e1rios:<\/u><\/p><p>&#8211; Atrav\u00e9s de formul\u00e1rios espec\u00edficos de cadastramento para fins de cumprimentos de obriga\u00e7\u00f5es legais;<\/p><p>&#8211; Recebimento de curr\u00edculos;<\/p><p>&#8211; Atrav\u00e9s de dados coletados na admiss\u00e3o a fim de veicular nos meios de comunica\u00e7\u00e3o corporativo, informa\u00e7\u00f5es institucionais com a finalidade de integrar, interagir e motivar com felicita\u00e7\u00f5es em datas comemorativas, feitos laborais destac\u00e1veis bem como atua\u00e7\u00f5es solid\u00e1rias no Jornal Institucional e mural da empresa, al\u00e9m de em v\u00eddeos institucionais, a\u00e7\u00f5es promocionais t\u00e9cnicas, comerciais e de marketing com a finalidade de instruir, incentivar e divulgar a\u00e7\u00f5es para clientes.<\/p><h3>3. Por que solicitamos e utilizamos seus dados pessoais?<\/h3><p>Os dados s\u00e3o necess\u00e1rios para:<\/p><ul><li>informar ao Cliente sobre as ofertas e divulgar servi\u00e7os;<\/li><li>entregar os produtos adquiridos ou servi\u00e7os contratados;<\/li><li>realizar o processo de troca ou devolu\u00e7\u00e3o de produtos, ap\u00f3s an\u00e1lise e identifica\u00e7\u00e3o do setor de qualidade;<\/li><li>enviar atualiza\u00e7\u00f5es sobre o status do pedido e comunica\u00e7\u00f5es de servi\u00e7os;<\/li><li>coordenar com parceiros a entrega ou disponibiliza\u00e7\u00e3o de servi\u00e7os;<\/li><li>prestar servi\u00e7os adequados \u00e0s necessidades do Cliente;<\/li><li>melhorar a experi\u00eancia de compra dos clientes no COL\u00c9GIO TABLEAU TAUBAT\u00c9;<\/li><li>fazer an\u00e1lises e pesquisas de mercado;<\/li><li>manter o cliente informado sobre produtos, servi\u00e7os, a\u00e7\u00f5es comerciais e t\u00e9cnicas;<\/li><li>executar publicidade online direcionada;<\/li><li>prevenir, detectar e investigar atividades que estejam em desacordo com o nosso C\u00f3digo de Conduta, ou que sejam proibidas ou ilegais;<\/li><li>melhorar o website, redes sociais e modos de comunica\u00e7\u00e3o;<\/li><li>otimizar a intera\u00e7\u00e3o de todas as partes interessadas com o COL\u00c9GIO TABLEAU TAUBAT\u00c9 e do COL\u00c9GIO TABLEAU TAUBAT\u00c9 com elas;<\/li><li>garantir a seguran\u00e7a dos dados que processamos;<\/li><li>cumprir obriga\u00e7\u00f5es legais;<\/li><li>fins administrativos e de gest\u00e3o.<\/li><\/ul><p>Obs.: O COL\u00c9GIO TABLEAU TAUBAT\u00c9 utiliza bases legais, que podem variar de acordo com a finalidade da coleta, para tratar os dados pessoais dos clientes. O prazo de armazenamento pode mudar conforme a base legal aplic\u00e1vel a cada situa\u00e7\u00e3o e a finalidade.<\/p><p><strong>3.1 Servi\u00e7os de marketing<\/strong><\/p><p>Os servi\u00e7os de marketing s\u00e3o oferecidos por meio de comunica\u00e7\u00f5es de marketing, sobre ofertas, servi\u00e7os e produtos dirigidas ao Cliente, relacionadas ao seu perfil e contrata\u00e7\u00f5es que realizou. Esse servi\u00e7o abrange o Aplicativo Col\u00e9gio Tableau Taubat\u00e9, e-mails, SMS, WhatsApp e servi\u00e7os de disparos de comunica\u00e7\u00e3o eletr\u00f4nicas. Vale ressaltar que o Cliente pode cancelar o servi\u00e7o, a qualquer momento, atrav\u00e9s do e-mail <a href=\"mailto:privacidade@colegiotableautaubate.com.br\">privacidade@colegiotableautaubate.com.br<\/a>\u00a0\u00a0<\/p><h3>4. Com quem compartilhamos seus dados?<\/h3><p>As informa\u00e7\u00f5es coletadas somente ser\u00e3o compartilhadas quando forem necess\u00e1rias:<\/p><p>&#8211; para presta\u00e7\u00e3o adequada dos servi\u00e7os objeto de suas atividades com empresas parceiras;<\/p><p>&#8211; prote\u00e7\u00e3o em caso de conflito;<\/p><p>&#8211; mediante decis\u00e3o judicial ou requisi\u00e7\u00e3o de autoridade competente;<\/p><p>&#8211; empresas provedoras de infraestrutura tecnol\u00f3gica e operacional, como empresas intermediadoras de pagamento e provedoras de servi\u00e7o de armazenamento de informa\u00e7\u00f5es. VERIFICAR COM CADA SETOR COMO COMPARTILHAMOS OS DADOS<\/p><h3>5. Transfer\u00eancia internacional de dados<\/h3><p>Como a internet \u00e9 um ambiente global, determinados servi\u00e7os oferecidos pelo COL\u00c9GIO TABLEAU TAUBAT\u00c9 podem demandar a transfer\u00eancia dos seus dados para outros pa\u00edses.<\/p><p>Nesses casos, os dados s\u00e3o tratados de acordo com a LGPD (Lei Geral de Prote\u00e7\u00e3o de Dados) e demais legisla\u00e7\u00f5es de prote\u00e7\u00e3o. Tomamos medidas de seguran\u00e7a de acordo com nossas pol\u00edticas e adotamos cl\u00e1usulas padr\u00e3o nos contratos com fornecedores e prestadores de servi\u00e7o.<\/p><p>Ao navegar no site <a href=\"http:\/\/www.henfel.com.br\">www.colegiotableautaubate.com.br<\/a> ou se comunicar conosco, voc\u00ea concorda com o tratamento de suas informa\u00e7\u00f5es, inclusive a transfer\u00eancia internacional de dados, quando necess\u00e1rio. Adotamos medidas para garantir que quaisquer informa\u00e7\u00f5es coletadas sejam tratadas com seguran\u00e7a, conforme os padr\u00f5es de prote\u00e7\u00e3o de dados e de acordo com esta Pol\u00edtica de Privacidade.<\/p><h3>6. Por quanto tempo armazenamos informa\u00e7\u00f5es pessoais?<\/h3><p>Armazenamos as informa\u00e7\u00f5es das partes interessadas de acordo com as normas de prescri\u00e7\u00e3o do Direito brasileiro.<\/p><p>A COL\u00c9GIO TABLEAU TAUBAT\u00c9 assegura e garante a destrui\u00e7\u00e3o dos dados conforme artigos 15 e 16 da Lei 13.709\/18 &#8211; LGPD<\/p><h3>7. Quais s\u00e3o os direitos do titular de dados?<\/h3><p>O titular dos dados pessoais ter\u00e1 o direito de obter do COL\u00c9GIO TABLEAU TAUBAT\u00c9, a qualquer momento, mediante requisi\u00e7\u00e3o formal, informa\u00e7\u00f5es referentes aos seus dados.<\/p><p>O COL\u00c9GIO TABLEAU TAUBAT\u00c9 ter\u00e1 15 dias para responder \u00e0s solicita\u00e7\u00f5es dos titulares. Os pedidos ser\u00e3o analisados conforme previsto em legisla\u00e7\u00e3o vigente e, por quest\u00f5es legais, algumas solicita\u00e7\u00f5es podem n\u00e3o ser atendidas.<\/p><p>Os titulares dos dados, segundo o texto da LGPD, podem exercer os seus direitos por meio de:<\/p><p>I &#8211; confirma\u00e7\u00e3o da exist\u00eancia de tratamento;<\/p><p>II &#8211; acesso aos dados;<\/p><p>III &#8211; corre\u00e7\u00e3o de dados incompletos, inexatos ou desatualizados;<\/p><p>IV &#8211; anonimiza\u00e7\u00e3o, bloqueio ou elimina\u00e7\u00e3o de dados desnecess\u00e1rios, excessivos ou tratados em desconformidade com o disposto nesta Lei;<\/p><p>V &#8211; portabilidade dos dados a outro fornecedor de servi\u00e7o ou produto, mediante requisi\u00e7\u00e3o expressa, de acordo com a regulamenta\u00e7\u00e3o da autoridade nacional, observados os segredos comercial e industrial;<\/p><p>VI &#8211; elimina\u00e7\u00e3o dos dados pessoais tratados com o consentimento do titular;<\/p><p>VII &#8211; informa\u00e7\u00e3o das entidades p\u00fablicas e privadas com as quais o controlador realizou uso compartilhado de dados;<\/p><p>VIII &#8211; informa\u00e7\u00e3o sobre a possibilidade de n\u00e3o fornecer consentimento e sobre as consequ\u00eancias da negativa;<\/p><p>IX &#8211; revoga\u00e7\u00e3o do consentimento.<\/p><h3>8. Como exercer os seus direitos?<\/h3><p>&#8211; Voc\u00ea pode exercer seus direitos acessando a se\u00e7\u00e3o \u201cPrivacidade\u201d dispon\u00edvel no site\u00a0<a href=\"http:\/\/www.henfel.com.br\">www.colegiotableautaubate.com.br<\/a> e entrar em contato pelo e-mail\u00a0<a href=\"mailto:privacidade@henfel.com.br\">privacidade@colegiotableau.com.br<\/a> explicando o que deseja.<\/p><p>&#8211; Para mudar suas prefer\u00eancias em rela\u00e7\u00e3o \u00e0s notifica\u00e7\u00f5es (incluindo as comunica\u00e7\u00f5es de marketing), a qualquer momento, voc\u00ea pode acessar \u201cPrivacidade\u201d dispon\u00edvel no site <a href=\"http:\/\/www.henfel.com.br\">www.colegiotableautaubate.com.br<\/a> e entrar em contato pelo e-mail\u00a0<a href=\"mailto:privacidade@henfel.com.br\">privacidade@colegiotableau.com.br<\/a>.<\/p><p>&#8211; Se n\u00e3o quiser receber comunica\u00e7\u00f5es de marketing, tamb\u00e9m pode cancelar a assinatura clicando no link enviado junto com o e-mail do marketing, ou enviar email <a href=\"mailto:privacidade@henfel.com.br\">privacidade@colegiotableau.com.br<\/a> escrevendo seu nome completo e claramente qual \u00e9 o servi\u00e7o que deseja ser cancelado.<\/p><h3>9. Cookies e tecnologias semelhantes<\/h3><p>Cookies s\u00e3o pequenos arquivos de dados que s\u00e3o colocados no seu computador ou em outros dispositivos (como &#8216;smartphones&#8217; ou &#8216;tablets&#8217;) enquanto voc\u00ea navega no site.<\/p><p>Utilizamos cookies, pixels e outras tecnologias (coletivamente, &#8220;cookies&#8221;) para reconhecer seu navegador ou dispositivo, aprender mais sobre seus interesses, fornecer recursos e servi\u00e7os essenciais e tamb\u00e9m para:<\/p><ul><li>acompanhar suas prefer\u00eancias para enviar somente an\u00fancios de seu interesse.<\/li><li>realiza\u00e7\u00e3o de pesquisas e diagn\u00f3sticos para melhorar o conte\u00fado, produtos e servi\u00e7os;<\/li><li>impedir atividades fraudulentas;<\/li><li>melhorar a seguran\u00e7a;<\/li><li>Voc\u00ea pode definir suas prefer\u00eancias por meio do e-mail <a href=\"mailto:privacidade@henfel.com.br\">privacidade@colegiotableau.com.br<\/a><\/li><\/ul><p>Clique em &#8216;Ajuda&#8217;, nas configura\u00e7\u00f5es do seu navegador, para saber como impedi-lo de aceitar cookies e para ser notificado quando receber novos; para ver quando eles expiram e para desativ\u00e1-los. Nos links abaixo voc\u00ea encontra mais detalhes sobre como desativar os cookies dos navegadores mais populares:<\/p><ul><li><a href=\"https:\/\/support.google.com\/chrome\/answer\/95647?co=GENIE.Platform%3DDesktop&amp;oco=1&amp;hl=pt-BR\">Google Chrome<\/a><\/li><li><a href=\"https:\/\/support.mozilla.org\/pt-BR\/kb\/gerencie-configuracoes-de-armazenamento-local-de-s\">Mozilla Firefox<\/a><\/li><li><a href=\"https:\/\/support.apple.com\/pt-br\/guide\/safari\/sfri11471\/mac\">Safari<\/a><\/li><li><a href=\"https:\/\/support.microsoft.com\/pt-br\/help\/17442\/windows-internet-explorer-delete-manage-cookies\">Internet Explorer<\/a><\/li><li><a href=\"https:\/\/support.microsoft.com\/pt-br\/help\/4027947\/microsoft-edge-delete-cookies\">Microsoft Edge<\/a><\/li><li><a href=\"https:\/\/help.opera.com\/en\/latest\/web-preferences\/#cookies\">Opera<\/a><\/li><\/ul><h3>10. Outras informa\u00e7\u00f5es importantes sobre prote\u00e7\u00e3o de dados<\/h3><h5>No site <a href=\"http:\/\/www.henfel.com.br\/privacidade\">www.colegiotableautaubate.com.br\/privacidade<\/a> voc\u00ea encontrar\u00e1 sempre a pol\u00edtica de privacidade mais recente sobre prote\u00e7\u00e3o de dados no COL\u00c9GIO TABLEAU TAUBAT\u00c9. O seu aceite \u00e0 pol\u00edtica anterior, a atual e a futura e n\u00e3o precisa ser renovado em nenhum momento mesmo quando a pol\u00edtica \u00e9 atualizada porque voc\u00ea tem o direito de pedir cancelamento a qualquer momento.<\/h5><h3>11. Como entrar em contato com o encarregado da prote\u00e7\u00e3o de dados da COL\u00c9GIO TABLEAU TAUBAT\u00c9?<\/h3><p>O encarregado da prote\u00e7\u00e3o de dados \u00e9 o respons\u00e1vel escolhido pela COL\u00c9GIO TABLEAU TAUBAT\u00c9 para atuar como canal de comunica\u00e7\u00e3o entre o controlador, os titulares dos dados e a Autoridade Nacional de Prote\u00e7\u00e3o de Dados (ANPD), quando ela for formalizada. Qualquer d\u00favida poder\u00e1 ser encaminhada para a equipe de Prote\u00e7\u00e3o de Dados atrav\u00e9s do e-mail <a href=\"mailto:privacidade@colegiotableautaubate.com.br\">privacidade@colegiotableautaubate.com.br<\/a>.<\/p>\t\t\t\t\t\t\t\t<\/div>\n\t\t\t\t<\/div>\n\t\t\t\t\t<\/div>\n\t\t<\/div>\n\t\t\t\t\t<\/div>\n\t\t<\/section>\n\t\t\t\t<\/div>\n\t\t","protected":false},"excerpt":{"rendered":"<p>Pol\u00edtica\u00a0de Privacidade Pol\u00edtica de Privacidade Leia e conhe\u00e7a mais A COL\u00c9GIO TABLEAU TAUBAT\u00c9 tem o compromisso com a transpar\u00eancia, a privacidade e a seguran\u00e7a dos dados<span class=\"excerpt-hellip\"> [\u2026]<\/span><\/p>\n","protected":false},"author":1,"featured_media":0,"parent":0,"menu_order":99,"comment_status":"closed","ping_status":"closed","template":"","meta":{"footnotes":""},"class_list":["post-3909","page","type-page","status-publish","hentry"],"_links":{"self":[{"href":"https:\/\/tableautaubate.com.br\/ensino-regular-taubate\/wp-json\/wp\/v2\/pages\/3909","targetHints":{"allow":["GET"]}}],"collection":[{"href":"https:\/\/tableautaubate.com.br\/ensino-regular-taubate\/wp-json\/wp\/v2\/pages"}],"about":[{"href":"https:\/\/tableautaubate.com.br\/ensino-regular-taubate\/wp-json\/wp\/v2\/types\/page"}],"author":[{"embeddable":true,"href":"https:\/\/tableautaubate.com.br\/ensino-regular-taubate\/wp-json\/wp\/v2\/users\/1"}],"replies":[{"embeddable":true,"href":"https:\/\/tableautaubate.com.br\/ensino-regular-taubate\/wp-json\/wp\/v2\/comments?post=3909"}],"version-history":[{"count":16,"href":"https:\/\/tableautaubate.com.br\/ensino-regular-taubate\/wp-json\/wp\/v2\/pages\/3909\/revisions"}],"predecessor-version":[{"id":3950,"href":"https:\/\/tableautaubate.com.br\/ensino-regular-taubate\/wp-json\/wp\/v2\/pages\/3909\/revisions\/3950"}],"wp:attachment":[{"href":"https:\/\/tableautaubate.com.br\/ensino-regular-taubate\/wp-json\/wp\/v2\/media?parent=3909"}],"curies":[{"name":"wp","href":"https:\/\/api.w.org\/{rel}","templated":true}]}}