{"id":2988,"date":"2023-08-13T09:48:33","date_gmt":"2023-08-13T12:48:33","guid":{"rendered":"https:\/\/tableautaubate.com.br\/ensino-tecnico-taubate\/?page_id=2988"},"modified":"2024-05-17T10:15:03","modified_gmt":"2024-05-17T13:15:03","slug":"blog","status":"publish","type":"page","link":"https:\/\/tableautaubate.com.br\/ensino-tecnico-taubate\/blog\/","title":{"rendered":"Blog"},"content":{"rendered":"\t\t<div data-elementor-type=\"wp-page\" data-elementor-id=\"2988\" class=\"elementor elementor-2988\">\n\t\t\t\t\t\t<section class=\"elementor-section elementor-top-section elementor-element elementor-element-0916563 elementor-section-full_width elementor-section-stretched elementor-section-height-default elementor-section-height-default\" data-id=\"0916563\" data-element_type=\"section\" data-settings=\"{&quot;stretch_section&quot;:&quot;section-stretched&quot;,&quot;background_background&quot;:&quot;classic&quot;}\">\n\t\t\t\t\t\t<div class=\"elementor-container elementor-column-gap-wider\">\n\t\t\t\t\t<div class=\"elementor-column elementor-col-100 elementor-top-column elementor-element elementor-element-5bdcc7a\" data-id=\"5bdcc7a\" data-element_type=\"column\">\n\t\t\t<div class=\"elementor-widget-wrap elementor-element-populated\">\n\t\t\t\t\t\t<section class=\"elementor-section elementor-inner-section elementor-element elementor-element-bc25e22 elementor-section-full_width elementor-section-height-default elementor-section-height-default\" data-id=\"bc25e22\" data-element_type=\"section\">\n\t\t\t\t\t\t<div class=\"elementor-container elementor-column-gap-default\">\n\t\t\t\t\t<div class=\"elementor-column elementor-col-50 elementor-inner-column elementor-element elementor-element-1f6813e\" data-id=\"1f6813e\" data-element_type=\"column\">\n\t\t\t<div class=\"elementor-widget-wrap elementor-element-populated\">\n\t\t\t\t\t\t<div class=\"elementor-element elementor-element-c508a6c elementor-widget elementor-widget-text-editor\" data-id=\"c508a6c\" data-element_type=\"widget\" data-widget_type=\"text-editor.default\">\n\t\t\t\t<div class=\"elementor-widget-container\">\n\t\t\t\t\t\t\t\t\t<h1><span style=\"color: #05446b;\">Acontece<\/span><\/h1>\t\t\t\t\t\t\t\t<\/div>\n\t\t\t\t<\/div>\n\t\t\t\t\t<\/div>\n\t\t<\/div>\n\t\t\t\t<div class=\"elementor-column elementor-col-50 elementor-inner-column elementor-element elementor-element-e69e7f0\" data-id=\"e69e7f0\" data-element_type=\"column\">\n\t\t\t<div class=\"elementor-widget-wrap elementor-element-populated\">\n\t\t\t\t\t\t<div class=\"elementor-element elementor-element-f532716 elementor-widget elementor-widget-image\" data-id=\"f532716\" data-element_type=\"widget\" data-widget_type=\"image.default\">\n\t\t\t\t<div class=\"elementor-widget-container\">\n\t\t\t\t\t\t\t\t\t\t\t\t\t\t\t<img fetchpriority=\"high\" decoding=\"async\" width=\"500\" height=\"357\" src=\"https:\/\/tableautaubate.com.br\/ensino-tecnico-taubate\/wp-content\/uploads\/2023\/08\/saude.png\" class=\"attachment-large size-large wp-image-2852\" alt=\"\" srcset=\"https:\/\/tableautaubate.com.br\/ensino-tecnico-taubate\/wp-content\/uploads\/2023\/08\/saude.png 500w, https:\/\/tableautaubate.com.br\/ensino-tecnico-taubate\/wp-content\/uploads\/2023\/08\/saude-300x214.png 300w, https:\/\/tableautaubate.com.br\/ensino-tecnico-taubate\/wp-content\/uploads\/2023\/08\/saude-105x75.png 105w, https:\/\/tableautaubate.com.br\/ensino-tecnico-taubate\/wp-content\/uploads\/2023\/08\/saude-480x343.png 480w\" sizes=\"(max-width:767px) 480px, 500px\" \/>\t\t\t\t\t\t\t\t\t\t\t\t\t\t\t<\/div>\n\t\t\t\t<\/div>\n\t\t\t\t\t<\/div>\n\t\t<\/div>\n\t\t\t\t\t<\/div>\n\t\t<\/section>\n\t\t\t\t\t<\/div>\n\t\t<\/div>\n\t\t\t\t\t<\/div>\n\t\t<\/section>\n\t\t\t\t<section class=\"elementor-section elementor-top-section elementor-element elementor-element-57c081d elementor-section-full_width elementor-section-stretched elementor-section-height-default elementor-section-height-default\" data-id=\"57c081d\" data-element_type=\"section\" data-settings=\"{&quot;stretch_section&quot;:&quot;section-stretched&quot;}\">\n\t\t\t\t\t\t<div class=\"elementor-container elementor-column-gap-default\">\n\t\t\t\t\t<div class=\"elementor-column elementor-col-100 elementor-top-column elementor-element elementor-element-ef5acad\" data-id=\"ef5acad\" data-element_type=\"column\">\n\t\t\t<div class=\"elementor-widget-wrap elementor-element-populated\">\n\t\t\t\t\t\t<div class=\"elementor-element elementor-element-cbd41f8 elementor-widget elementor-widget-text-editor\" data-id=\"cbd41f8\" data-element_type=\"widget\" data-widget_type=\"text-editor.default\">\n\t\t\t\t<div class=\"elementor-widget-container\">\n\t\t\t\t\t\t\t\t\t<h6>Blog<\/h6><h2><span style=\"color: #05446b;\">Destaques<\/span><\/h2>\t\t\t\t\t\t\t\t<\/div>\n\t\t\t\t<\/div>\n\t\t\t\t<div class=\"elementor-element elementor-element-d00a423 elementor-widget elementor-widget-mfn_blog\" data-id=\"d00a423\" data-element_type=\"widget\" data-widget_type=\"mfn_blog.default\">\n\t\t\t\t<div class=\"elementor-widget-container\">\n\t\t\t\t\t<div class=\"column_filters\"><div class=\"blog_wrapper isotope_wrapper clearfix\"><div class=\"posts_group element_classes lm_wrapper col-4 grid hide-more\"><article class=\"post post-item isotope-item clearfix post-3062 type-post status-publish format-standard has-post-thumbnail hentry category-destaque\" style=\"\"><div class=\"date_label\">13\/08\/2023<\/div><div class=\"image_frame post-photo-wrapper scale-with-grid image\"><div class=\"image_wrapper\"><a href=\"https:\/\/tableautaubate.com.br\/ensino-tecnico-taubate\/os-cursos-tecnicos-que-mais-empregam-no-brasil-2\/\"><div class=\"mask\"><\/div><img decoding=\"async\" width=\"500\" height=\"357\" src=\"https:\/\/tableautaubate.com.br\/ensino-tecnico-taubate\/wp-content\/uploads\/2023\/08\/tecnico.png\" class=\"scale-with-grid wp-post-image\" alt=\"\" srcset=\"https:\/\/tableautaubate.com.br\/ensino-tecnico-taubate\/wp-content\/uploads\/2023\/08\/tecnico.png 500w, https:\/\/tableautaubate.com.br\/ensino-tecnico-taubate\/wp-content\/uploads\/2023\/08\/tecnico-300x214.png 300w, https:\/\/tableautaubate.com.br\/ensino-tecnico-taubate\/wp-content\/uploads\/2023\/08\/tecnico-105x75.png 105w, https:\/\/tableautaubate.com.br\/ensino-tecnico-taubate\/wp-content\/uploads\/2023\/08\/tecnico-480x343.png 480w\" sizes=\"(max-width:767px) 480px, 500px\" \/><\/a><div class=\"image_links double\"><a class=\"zoom \"  rel=\"prettyphoto\" href=\"https:\/\/tableautaubate.com.br\/ensino-tecnico-taubate\/wp-content\/uploads\/2023\/08\/tecnico.png\"><svg viewBox=\"0 0 26 26\"><defs><style>.path{fill:none;stroke:#333;stroke-miterlimit:10;stroke-width:1.5px;}<\/style><\/defs><circle cx=\"11.35\" cy=\"11.35\" r=\"6\" class=\"path\"><\/circle><line x1=\"15.59\" y1=\"15.59\" x2=\"20.65\" y2=\"20.65\" class=\"path\"><\/line><\/svg><\/a><a class=\"link \"  href=\"https:\/\/tableautaubate.com.br\/ensino-tecnico-taubate\/os-cursos-tecnicos-que-mais-empregam-no-brasil-2\/\"><svg viewBox=\"0 0 26 26\"><defs><style>.path{fill:none;stroke:#333;stroke-miterlimit:10;stroke-width:1.5px;}<\/style><\/defs><g><path d=\"M10.17,8.76l2.12-2.12a5,5,0,0,1,7.07,0h0a5,5,0,0,1,0,7.07l-2.12,2.12\" class=\"path\"><\/path><path d=\"M15.83,17.24l-2.12,2.12a5,5,0,0,1-7.07,0h0a5,5,0,0,1,0-7.07l2.12-2.12\" class=\"path\"><\/path><line x1=\"10.17\" y1=\"15.83\" x2=\"15.83\" y2=\"10.17\" class=\"path\"><\/line><\/g><\/svg><\/a><\/div><\/div><\/div><div class=\"post-desc-wrapper bg-\" style=\"\"><div class=\"post-desc\"><div class=\"post-head\"><div class=\"post-meta clearfix\"><div class=\"author-date\"><span class=\"date\"><i class=\"icon-clock\" aria-label=\"published\"><\/i> <span class=\"post-date updated\">13\/08\/2023<\/span><\/span><\/div><\/div><\/div><div class=\"post-title\"><h3 class=\"entry-title\" itemprop=\"headline\"><a href=\"https:\/\/tableautaubate.com.br\/ensino-tecnico-taubate\/os-cursos-tecnicos-que-mais-empregam-no-brasil-2\/\">Os Cursos T\u00e9cnicos que mais empregam no Brasil!<\/a><\/h3><\/div><div class=\"post-excerpt\">Tableau Taubat\u00e9 Em Busca do Emprego Perfeito Se voc\u00ea est\u00e1 em busca de emprego, o\u00a0curso t\u00e9cnico\u00a0pode ser um dos seus diferenciais na hora de conseguir. Existem<span class=\"excerpt-hellip\"> [\u2026]<\/span><\/div><\/div><\/div><\/article><article class=\"post post-item isotope-item clearfix post-3055 type-post status-publish format-standard has-post-thumbnail hentry category-destaque\" style=\"\"><div class=\"date_label\">13\/08\/2023<\/div><div class=\"image_frame post-photo-wrapper scale-with-grid image\"><div class=\"image_wrapper\"><a href=\"https:\/\/tableautaubate.com.br\/ensino-tecnico-taubate\/area-da-saude-prepare-se-para-uma-entrevista-de-emprego\/\"><div class=\"mask\"><\/div><img decoding=\"async\" width=\"500\" height=\"357\" src=\"https:\/\/tableautaubate.com.br\/ensino-tecnico-taubate\/wp-content\/uploads\/2023\/08\/saude.png\" class=\"scale-with-grid wp-post-image\" alt=\"\" srcset=\"https:\/\/tableautaubate.com.br\/ensino-tecnico-taubate\/wp-content\/uploads\/2023\/08\/saude.png 500w, https:\/\/tableautaubate.com.br\/ensino-tecnico-taubate\/wp-content\/uploads\/2023\/08\/saude-300x214.png 300w, https:\/\/tableautaubate.com.br\/ensino-tecnico-taubate\/wp-content\/uploads\/2023\/08\/saude-105x75.png 105w, https:\/\/tableautaubate.com.br\/ensino-tecnico-taubate\/wp-content\/uploads\/2023\/08\/saude-480x343.png 480w\" sizes=\"(max-width:767px) 480px, 500px\" \/><\/a><div class=\"image_links double\"><a class=\"zoom \"  rel=\"prettyphoto\" href=\"https:\/\/tableautaubate.com.br\/ensino-tecnico-taubate\/wp-content\/uploads\/2023\/08\/saude.png\"><svg viewBox=\"0 0 26 26\"><defs><style>.path{fill:none;stroke:#333;stroke-miterlimit:10;stroke-width:1.5px;}<\/style><\/defs><circle cx=\"11.35\" cy=\"11.35\" r=\"6\" class=\"path\"><\/circle><line x1=\"15.59\" y1=\"15.59\" x2=\"20.65\" y2=\"20.65\" class=\"path\"><\/line><\/svg><\/a><a class=\"link \"  href=\"https:\/\/tableautaubate.com.br\/ensino-tecnico-taubate\/area-da-saude-prepare-se-para-uma-entrevista-de-emprego\/\"><svg viewBox=\"0 0 26 26\"><defs><style>.path{fill:none;stroke:#333;stroke-miterlimit:10;stroke-width:1.5px;}<\/style><\/defs><g><path d=\"M10.17,8.76l2.12-2.12a5,5,0,0,1,7.07,0h0a5,5,0,0,1,0,7.07l-2.12,2.12\" class=\"path\"><\/path><path d=\"M15.83,17.24l-2.12,2.12a5,5,0,0,1-7.07,0h0a5,5,0,0,1,0-7.07l2.12-2.12\" class=\"path\"><\/path><line x1=\"10.17\" y1=\"15.83\" x2=\"15.83\" y2=\"10.17\" class=\"path\"><\/line><\/g><\/svg><\/a><\/div><\/div><\/div><div class=\"post-desc-wrapper bg-\" style=\"\"><div class=\"post-desc\"><div class=\"post-head\"><div class=\"post-meta clearfix\"><div class=\"author-date\"><span class=\"date\"><i class=\"icon-clock\" aria-label=\"published\"><\/i> <span class=\"post-date updated\">13\/08\/2023<\/span><\/span><\/div><\/div><\/div><div class=\"post-title\"><h3 class=\"entry-title\" itemprop=\"headline\"><a href=\"https:\/\/tableautaubate.com.br\/ensino-tecnico-taubate\/area-da-saude-prepare-se-para-uma-entrevista-de-emprego\/\">\u00c1rea da sa\u00fade: Prepare-se para uma entrevista de emprego<\/a><\/h3><\/div><div class=\"post-excerpt\">Tableau Taubat\u00e9 Na sua procura por vagas na \u00e1rea da sa\u00fade, voc\u00ea conseguiu uma entrevista de emprego. E agora? A oportunidade \u00e9 boa, mas o processo<span class=\"excerpt-hellip\"> [\u2026]<\/span><\/div><\/div><\/div><\/article><article class=\"post post-item isotope-item clearfix post-2864 type-post status-publish format-standard has-post-thumbnail hentry category-destaque\" style=\"\"><div class=\"date_label\">07\/08\/2023<\/div><div class=\"image_frame post-photo-wrapper scale-with-grid image\"><div class=\"image_wrapper\"><a href=\"https:\/\/tableautaubate.com.br\/ensino-tecnico-taubate\/a-importancia-do-tecnico-em-mecanica-para-a-industria\/\"><div class=\"mask\"><\/div><img loading=\"lazy\" decoding=\"async\" width=\"500\" height=\"357\" src=\"https:\/\/tableautaubate.com.br\/ensino-tecnico-taubate\/wp-content\/uploads\/2023\/08\/mecanica.png\" class=\"scale-with-grid wp-post-image\" alt=\"\" srcset=\"https:\/\/tableautaubate.com.br\/ensino-tecnico-taubate\/wp-content\/uploads\/2023\/08\/mecanica.png 500w, https:\/\/tableautaubate.com.br\/ensino-tecnico-taubate\/wp-content\/uploads\/2023\/08\/mecanica-300x214.png 300w, https:\/\/tableautaubate.com.br\/ensino-tecnico-taubate\/wp-content\/uploads\/2023\/08\/mecanica-105x75.png 105w, https:\/\/tableautaubate.com.br\/ensino-tecnico-taubate\/wp-content\/uploads\/2023\/08\/mecanica-480x343.png 480w\" sizes=\"(max-width:767px) 480px, 500px\" \/><\/a><div class=\"image_links double\"><a class=\"zoom \"  rel=\"prettyphoto\" href=\"https:\/\/tableautaubate.com.br\/ensino-tecnico-taubate\/wp-content\/uploads\/2023\/08\/mecanica.png\"><svg viewBox=\"0 0 26 26\"><defs><style>.path{fill:none;stroke:#333;stroke-miterlimit:10;stroke-width:1.5px;}<\/style><\/defs><circle cx=\"11.35\" cy=\"11.35\" r=\"6\" class=\"path\"><\/circle><line x1=\"15.59\" y1=\"15.59\" x2=\"20.65\" y2=\"20.65\" class=\"path\"><\/line><\/svg><\/a><a class=\"link \"  href=\"https:\/\/tableautaubate.com.br\/ensino-tecnico-taubate\/a-importancia-do-tecnico-em-mecanica-para-a-industria\/\"><svg viewBox=\"0 0 26 26\"><defs><style>.path{fill:none;stroke:#333;stroke-miterlimit:10;stroke-width:1.5px;}<\/style><\/defs><g><path d=\"M10.17,8.76l2.12-2.12a5,5,0,0,1,7.07,0h0a5,5,0,0,1,0,7.07l-2.12,2.12\" class=\"path\"><\/path><path d=\"M15.83,17.24l-2.12,2.12a5,5,0,0,1-7.07,0h0a5,5,0,0,1,0-7.07l2.12-2.12\" class=\"path\"><\/path><line x1=\"10.17\" y1=\"15.83\" x2=\"15.83\" y2=\"10.17\" class=\"path\"><\/line><\/g><\/svg><\/a><\/div><\/div><\/div><div class=\"post-desc-wrapper bg-\" style=\"\"><div class=\"post-desc\"><div class=\"post-head\"><div class=\"post-meta clearfix\"><div class=\"author-date\"><span class=\"date\"><i class=\"icon-clock\" aria-label=\"published\"><\/i> <span class=\"post-date updated\">07\/08\/2023<\/span><\/span><\/div><\/div><\/div><div class=\"post-title\"><h3 class=\"entry-title\" itemprop=\"headline\"><a href=\"https:\/\/tableautaubate.com.br\/ensino-tecnico-taubate\/a-importancia-do-tecnico-em-mecanica-para-a-industria\/\">A import\u00e2ncia do T\u00e9cnico em mec\u00e2nica para a ind\u00fastria<\/a><\/h3><\/div><div class=\"post-excerpt\">Tableau Taubat\u00e9 Mesmo em tempos de crise econ\u00f4mica e aumento do desemprego, algumas \u00e1reas est\u00e3o voltando a crescer. Esse \u00e9 o caso da mec\u00e2nica industrial, que<span class=\"excerpt-hellip\"> [\u2026]<\/span><\/div><\/div><\/div><\/article><\/div><\/div>\n<\/div>\n\t\t\t\t<\/div>\n\t\t\t\t<\/div>\n\t\t\t\t\t<\/div>\n\t\t<\/div>\n\t\t\t\t\t<\/div>\n\t\t<\/section>\n\t\t\t\t<\/div>\n\t\t","protected":false},"excerpt":{"rendered":"<p>Acontece Blog Destaques 13\/08\/2023 13\/08\/2023 Os Cursos T\u00e9cnicos que mais empregam no Brasil! Tableau Taubat\u00e9 Em Busca do Emprego Perfeito Se voc\u00ea est\u00e1 em busca de<span class=\"excerpt-hellip\"> [\u2026]<\/span><\/p>\n","protected":false},"author":1,"featured_media":0,"parent":0,"menu_order":9,"comment_status":"closed","ping_status":"closed","template":"","meta":{"footnotes":""},"class_list":["post-2988","page","type-page","status-publish","hentry"],"yoast_head":"<!-- This site is optimized with the Yoast SEO plugin v26.9 - https:\/\/yoast.com\/product\/yoast-seo-wordpress\/ -->\n<title>Blog - Tableau<\/title>\n<meta name=\"robots\" content=\"index, follow, max-snippet:-1, max-image-preview:large, max-video-preview:-1\" \/>\n<link rel=\"canonical\" href=\"https:\/\/tableautaubate.com.br\/ensino-tecnico-taubate\/blog\/\" \/>\n<meta property=\"og:locale\" content=\"pt_BR\" \/>\n<meta property=\"og:type\" content=\"article\" \/>\n<meta property=\"og:title\" content=\"Blog - Tableau\" \/>\n<meta property=\"og:description\" content=\"Acontece Blog Destaques 13\/08\/2023 13\/08\/2023 Os Cursos T\u00e9cnicos que mais empregam no Brasil! Tableau Taubat\u00e9 Em Busca do Emprego Perfeito Se voc\u00ea est\u00e1 em busca de [\u2026]\" \/>\n<meta property=\"og:url\" content=\"https:\/\/tableautaubate.com.br\/ensino-tecnico-taubate\/blog\/\" \/>\n<meta property=\"og:site_name\" content=\"Tableau\" \/>\n<meta property=\"article:modified_time\" content=\"2024-05-17T13:15:03+00:00\" \/>\n<meta property=\"og:image\" content=\"https:\/\/tableautaubate.com.br\/ensino-tecnico-taubate\/wp-content\/uploads\/2023\/08\/saude.png\" \/>\n<meta name=\"twitter:card\" content=\"summary_large_image\" \/>\n<meta name=\"twitter:label1\" content=\"Est. tempo de leitura\" \/>\n\t<meta name=\"twitter:data1\" content=\"2 minutos\" \/>\n<script type=\"application\/ld+json\" class=\"yoast-schema-graph\">{\"@context\":\"https:\/\/schema.org\",\"@graph\":[{\"@type\":\"WebPage\",\"@id\":\"https:\/\/tableautaubate.com.br\/ensino-tecnico-taubate\/blog\/\",\"url\":\"https:\/\/tableautaubate.com.br\/ensino-tecnico-taubate\/blog\/\",\"name\":\"Blog - Tableau\",\"isPartOf\":{\"@id\":\"https:\/\/tableautaubate.com.br\/ensino-tecnico-taubate\/#website\"},\"primaryImageOfPage\":{\"@id\":\"https:\/\/tableautaubate.com.br\/ensino-tecnico-taubate\/blog\/#primaryimage\"},\"image\":{\"@id\":\"https:\/\/tableautaubate.com.br\/ensino-tecnico-taubate\/blog\/#primaryimage\"},\"thumbnailUrl\":\"https:\/\/tableautaubate.com.br\/ensino-tecnico-taubate\/wp-content\/uploads\/2023\/08\/saude.png\",\"datePublished\":\"2023-08-13T12:48:33+00:00\",\"dateModified\":\"2024-05-17T13:15:03+00:00\",\"breadcrumb\":{\"@id\":\"https:\/\/tableautaubate.com.br\/ensino-tecnico-taubate\/blog\/#breadcrumb\"},\"inLanguage\":\"pt-BR\",\"potentialAction\":[{\"@type\":\"ReadAction\",\"target\":[\"https:\/\/tableautaubate.com.br\/ensino-tecnico-taubate\/blog\/\"]}]},{\"@type\":\"ImageObject\",\"inLanguage\":\"pt-BR\",\"@id\":\"https:\/\/tableautaubate.com.br\/ensino-tecnico-taubate\/blog\/#primaryimage\",\"url\":\"https:\/\/tableautaubate.com.br\/ensino-tecnico-taubate\/wp-content\/uploads\/2023\/08\/saude.png\",\"contentUrl\":\"https:\/\/tableautaubate.com.br\/ensino-tecnico-taubate\/wp-content\/uploads\/2023\/08\/saude.png\",\"width\":500,\"height\":357,\"caption\":\"\u00c1rea da Sa\u00fade\"},{\"@type\":\"BreadcrumbList\",\"@id\":\"https:\/\/tableautaubate.com.br\/ensino-tecnico-taubate\/blog\/#breadcrumb\",\"itemListElement\":[{\"@type\":\"ListItem\",\"position\":1,\"name\":\"In\u00edcio\",\"item\":\"https:\/\/tableautaubate.com.br\/ensino-tecnico-taubate\/\"},{\"@type\":\"ListItem\",\"position\":2,\"name\":\"Blog\"}]},{\"@type\":\"WebSite\",\"@id\":\"https:\/\/tableautaubate.com.br\/ensino-tecnico-taubate\/#website\",\"url\":\"https:\/\/tableautaubate.com.br\/ensino-tecnico-taubate\/\",\"name\":\"Tableau\",\"description\":\"Ensino T\u00e9cnico\",\"potentialAction\":[{\"@type\":\"SearchAction\",\"target\":{\"@type\":\"EntryPoint\",\"urlTemplate\":\"https:\/\/tableautaubate.com.br\/ensino-tecnico-taubate\/?s={search_term_string}\"},\"query-input\":{\"@type\":\"PropertyValueSpecification\",\"valueRequired\":true,\"valueName\":\"search_term_string\"}}],\"inLanguage\":\"pt-BR\"}]}<\/script>\n<!-- \/ Yoast SEO plugin. -->","yoast_head_json":{"title":"Blog - Tableau","robots":{"index":"index","follow":"follow","max-snippet":"max-snippet:-1","max-image-preview":"max-image-preview:large","max-video-preview":"max-video-preview:-1"},"canonical":"https:\/\/tableautaubate.com.br\/ensino-tecnico-taubate\/blog\/","og_locale":"pt_BR","og_type":"article","og_title":"Blog - Tableau","og_description":"Acontece Blog Destaques 13\/08\/2023 13\/08\/2023 Os Cursos T\u00e9cnicos que mais empregam no Brasil! Tableau Taubat\u00e9 Em Busca do Emprego Perfeito Se voc\u00ea est\u00e1 em busca de [\u2026]","og_url":"https:\/\/tableautaubate.com.br\/ensino-tecnico-taubate\/blog\/","og_site_name":"Tableau","article_modified_time":"2024-05-17T13:15:03+00:00","og_image":[{"url":"https:\/\/tableautaubate.com.br\/ensino-tecnico-taubate\/wp-content\/uploads\/2023\/08\/saude.png","type":"","width":"","height":""}],"twitter_card":"summary_large_image","twitter_misc":{"Est. tempo de leitura":"2 minutos"},"schema":{"@context":"https:\/\/schema.org","@graph":[{"@type":"WebPage","@id":"https:\/\/tableautaubate.com.br\/ensino-tecnico-taubate\/blog\/","url":"https:\/\/tableautaubate.com.br\/ensino-tecnico-taubate\/blog\/","name":"Blog - Tableau","isPartOf":{"@id":"https:\/\/tableautaubate.com.br\/ensino-tecnico-taubate\/#website"},"primaryImageOfPage":{"@id":"https:\/\/tableautaubate.com.br\/ensino-tecnico-taubate\/blog\/#primaryimage"},"image":{"@id":"https:\/\/tableautaubate.com.br\/ensino-tecnico-taubate\/blog\/#primaryimage"},"thumbnailUrl":"https:\/\/tableautaubate.com.br\/ensino-tecnico-taubate\/wp-content\/uploads\/2023\/08\/saude.png","datePublished":"2023-08-13T12:48:33+00:00","dateModified":"2024-05-17T13:15:03+00:00","breadcrumb":{"@id":"https:\/\/tableautaubate.com.br\/ensino-tecnico-taubate\/blog\/#breadcrumb"},"inLanguage":"pt-BR","potentialAction":[{"@type":"ReadAction","target":["https:\/\/tableautaubate.com.br\/ensino-tecnico-taubate\/blog\/"]}]},{"@type":"ImageObject","inLanguage":"pt-BR","@id":"https:\/\/tableautaubate.com.br\/ensino-tecnico-taubate\/blog\/#primaryimage","url":"https:\/\/tableautaubate.com.br\/ensino-tecnico-taubate\/wp-content\/uploads\/2023\/08\/saude.png","contentUrl":"https:\/\/tableautaubate.com.br\/ensino-tecnico-taubate\/wp-content\/uploads\/2023\/08\/saude.png","width":500,"height":357,"caption":"\u00c1rea da Sa\u00fade"},{"@type":"BreadcrumbList","@id":"https:\/\/tableautaubate.com.br\/ensino-tecnico-taubate\/blog\/#breadcrumb","itemListElement":[{"@type":"ListItem","position":1,"name":"In\u00edcio","item":"https:\/\/tableautaubate.com.br\/ensino-tecnico-taubate\/"},{"@type":"ListItem","position":2,"name":"Blog"}]},{"@type":"WebSite","@id":"https:\/\/tableautaubate.com.br\/ensino-tecnico-taubate\/#website","url":"https:\/\/tableautaubate.com.br\/ensino-tecnico-taubate\/","name":"Tableau","description":"Ensino T\u00e9cnico","potentialAction":[{"@type":"SearchAction","target":{"@type":"EntryPoint","urlTemplate":"https:\/\/tableautaubate.com.br\/ensino-tecnico-taubate\/?s={search_term_string}"},"query-input":{"@type":"PropertyValueSpecification","valueRequired":true,"valueName":"search_term_string"}}],"inLanguage":"pt-BR"}]}},"_links":{"self":[{"href":"https:\/\/tableautaubate.com.br\/ensino-tecnico-taubate\/wp-json\/wp\/v2\/pages\/2988","targetHints":{"allow":["GET"]}}],"collection":[{"href":"https:\/\/tableautaubate.com.br\/ensino-tecnico-taubate\/wp-json\/wp\/v2\/pages"}],"about":[{"href":"https:\/\/tableautaubate.com.br\/ensino-tecnico-taubate\/wp-json\/wp\/v2\/types\/page"}],"author":[{"embeddable":true,"href":"https:\/\/tableautaubate.com.br\/ensino-tecnico-taubate\/wp-json\/wp\/v2\/users\/1"}],"replies":[{"embeddable":true,"href":"https:\/\/tableautaubate.com.br\/ensino-tecnico-taubate\/wp-json\/wp\/v2\/comments?post=2988"}],"version-history":[{"count":34,"href":"https:\/\/tableautaubate.com.br\/ensino-tecnico-taubate\/wp-json\/wp\/v2\/pages\/2988\/revisions"}],"predecessor-version":[{"id":3992,"href":"https:\/\/tableautaubate.com.br\/ensino-tecnico-taubate\/wp-json\/wp\/v2\/pages\/2988\/revisions\/3992"}],"wp:attachment":[{"href":"https:\/\/tableautaubate.com.br\/ensino-tecnico-taubate\/wp-json\/wp\/v2\/media?parent=2988"}],"curies":[{"name":"wp","href":"https:\/\/api.w.org\/{rel}","templated":true}]}}