{"id":3119,"date":"2023-08-13T15:59:32","date_gmt":"2023-08-13T18:59:32","guid":{"rendered":"https:\/\/tableautaubate.com.br\/ensino-tecnico-taubate\/?page_id=3119"},"modified":"2024-05-17T10:12:10","modified_gmt":"2024-05-17T13:12:10","slug":"duvidas-frequentes","status":"publish","type":"page","link":"https:\/\/tableautaubate.com.br\/ensino-tecnico-taubate\/duvidas-frequentes\/","title":{"rendered":"D\u00favidas Frequentes"},"content":{"rendered":"\t\t<div data-elementor-type=\"wp-page\" data-elementor-id=\"3119\" class=\"elementor elementor-3119\">\n\t\t\t\t\t\t<section class=\"elementor-section elementor-top-section elementor-element elementor-element-0916563 elementor-section-full_width elementor-section-stretched elementor-section-height-default elementor-section-height-default\" data-id=\"0916563\" data-element_type=\"section\" data-settings=\"{&quot;stretch_section&quot;:&quot;section-stretched&quot;,&quot;background_background&quot;:&quot;classic&quot;}\">\n\t\t\t\t\t\t<div class=\"elementor-container elementor-column-gap-wider\">\n\t\t\t\t\t<div class=\"elementor-column elementor-col-100 elementor-top-column elementor-element elementor-element-5bdcc7a\" data-id=\"5bdcc7a\" data-element_type=\"column\">\n\t\t\t<div class=\"elementor-widget-wrap elementor-element-populated\">\n\t\t\t\t\t\t<section class=\"elementor-section elementor-inner-section elementor-element elementor-element-bc25e22 elementor-section-full_width elementor-section-height-default elementor-section-height-default\" data-id=\"bc25e22\" data-element_type=\"section\">\n\t\t\t\t\t\t<div class=\"elementor-container elementor-column-gap-default\">\n\t\t\t\t\t<div class=\"elementor-column elementor-col-50 elementor-inner-column elementor-element elementor-element-1f6813e\" data-id=\"1f6813e\" data-element_type=\"column\">\n\t\t\t<div class=\"elementor-widget-wrap elementor-element-populated\">\n\t\t\t\t\t\t<div class=\"elementor-element elementor-element-c508a6c elementor-widget elementor-widget-text-editor\" data-id=\"c508a6c\" data-element_type=\"widget\" data-widget_type=\"text-editor.default\">\n\t\t\t\t<div class=\"elementor-widget-container\">\n\t\t\t\t\t\t\t\t\t<h1><span style=\"color: #333333;\">D\u00favidas<\/span><span style=\"color: #5e33ff;\"><br \/><span style=\"color: #05446b;\">Frequentes<\/span><\/span><\/h1>\t\t\t\t\t\t\t\t<\/div>\n\t\t\t\t<\/div>\n\t\t\t\t\t<\/div>\n\t\t<\/div>\n\t\t\t\t<div class=\"elementor-column elementor-col-50 elementor-inner-column elementor-element elementor-element-e69e7f0\" data-id=\"e69e7f0\" data-element_type=\"column\">\n\t\t\t<div class=\"elementor-widget-wrap elementor-element-populated\">\n\t\t\t\t\t\t<div class=\"elementor-element elementor-element-f532716 elementor-widget elementor-widget-image\" data-id=\"f532716\" data-element_type=\"widget\" data-widget_type=\"image.default\">\n\t\t\t\t<div class=\"elementor-widget-container\">\n\t\t\t\t\t\t\t\t\t\t\t\t\t\t\t<img fetchpriority=\"high\" decoding=\"async\" width=\"960\" height=\"652\" src=\"https:\/\/tableautaubate.com.br\/ensino-tecnico-taubate\/wp-content\/uploads\/2023\/07\/estrutura-min-1.png\" class=\"attachment-large size-large wp-image-2350\" alt=\"\" srcset=\"https:\/\/tableautaubate.com.br\/ensino-tecnico-taubate\/wp-content\/uploads\/2023\/07\/estrutura-min-1.png 960w, https:\/\/tableautaubate.com.br\/ensino-tecnico-taubate\/wp-content\/uploads\/2023\/07\/estrutura-min-1-300x204.png 300w, https:\/\/tableautaubate.com.br\/ensino-tecnico-taubate\/wp-content\/uploads\/2023\/07\/estrutura-min-1-768x522.png 768w, https:\/\/tableautaubate.com.br\/ensino-tecnico-taubate\/wp-content\/uploads\/2023\/07\/estrutura-min-1-215x146.png 215w, https:\/\/tableautaubate.com.br\/ensino-tecnico-taubate\/wp-content\/uploads\/2023\/07\/estrutura-min-1-50x34.png 50w, https:\/\/tableautaubate.com.br\/ensino-tecnico-taubate\/wp-content\/uploads\/2023\/07\/estrutura-min-1-110x75.png 110w\" sizes=\"(max-width:767px) 480px, (max-width:960px) 100vw, 960px\" \/>\t\t\t\t\t\t\t\t\t\t\t\t\t\t\t<\/div>\n\t\t\t\t<\/div>\n\t\t\t\t\t<\/div>\n\t\t<\/div>\n\t\t\t\t\t<\/div>\n\t\t<\/section>\n\t\t\t\t<section class=\"elementor-section elementor-inner-section elementor-element elementor-element-b5aaae1 elementor-section-boxed elementor-section-height-default elementor-section-height-default\" data-id=\"b5aaae1\" data-element_type=\"section\">\n\t\t\t\t\t\t<div class=\"elementor-container elementor-column-gap-default\">\n\t\t\t\t\t<div class=\"elementor-column elementor-col-100 elementor-inner-column elementor-element elementor-element-bb393c1\" data-id=\"bb393c1\" data-element_type=\"column\">\n\t\t\t<div class=\"elementor-widget-wrap elementor-element-populated\">\n\t\t\t\t\t\t<div class=\"elementor-element elementor-element-cbd41f8 elementor-widget elementor-widget-text-editor\" data-id=\"cbd41f8\" data-element_type=\"widget\" data-widget_type=\"text-editor.default\">\n\t\t\t\t<div class=\"elementor-widget-container\">\n\t\t\t\t\t\t\t\t\t<h6>Estrutura<\/h6><h2><span style=\"color: #333333;\">Tire todas<\/span> <span style=\"color: #05446b;\">as suas d\u00favidas<\/span><\/h2>\t\t\t\t\t\t\t\t<\/div>\n\t\t\t\t<\/div>\n\t\t\t\t\t<\/div>\n\t\t<\/div>\n\t\t\t\t\t<\/div>\n\t\t<\/section>\n\t\t\t\t<div class=\"elementor-element elementor-element-823c10f elementor-widget elementor-widget-accordion\" data-id=\"823c10f\" data-element_type=\"widget\" data-widget_type=\"accordion.default\">\n\t\t\t\t<div class=\"elementor-widget-container\">\n\t\t\t\t\t\t\t<div class=\"elementor-accordion\">\n\t\t\t\t\t\t\t<div class=\"elementor-accordion-item\">\n\t\t\t\t\t<div id=\"elementor-tab-title-1361\" class=\"elementor-tab-title\" data-tab=\"1\" role=\"button\" aria-controls=\"elementor-tab-content-1361\" aria-expanded=\"false\">\n\t\t\t\t\t\t\t\t\t\t\t\t\t<span class=\"elementor-accordion-icon elementor-accordion-icon-left\" aria-hidden=\"true\">\n\t\t\t\t\t\t\t\t\t\t\t\t\t\t\t<span class=\"elementor-accordion-icon-closed\"><i class=\"fas fa-plus\"><\/i><\/span>\n\t\t\t\t\t\t\t\t<span class=\"elementor-accordion-icon-opened\"><i class=\"fas fa-minus\"><\/i><\/span>\n\t\t\t\t\t\t\t\t\t\t\t\t\t\t<\/span>\n\t\t\t\t\t\t\t\t\t\t\t\t<a class=\"elementor-accordion-title\" tabindex=\"0\">Sanfona #1<\/a>\n\t\t\t\t\t<\/div>\n\t\t\t\t\t<div id=\"elementor-tab-content-1361\" class=\"elementor-tab-content elementor-clearfix\" data-tab=\"1\" role=\"region\" aria-labelledby=\"elementor-tab-title-1361\">Lorem ipsum dolor sit amet, consectetur adipiscing elit. Ut elit tellus, luctus nec ullamcorper mattis, pulvinar dapibus leo.<\/div>\n\t\t\t\t<\/div>\n\t\t\t\t\t\t\t<div class=\"elementor-accordion-item\">\n\t\t\t\t\t<div id=\"elementor-tab-title-1362\" class=\"elementor-tab-title\" data-tab=\"2\" role=\"button\" aria-controls=\"elementor-tab-content-1362\" aria-expanded=\"false\">\n\t\t\t\t\t\t\t\t\t\t\t\t\t<span class=\"elementor-accordion-icon elementor-accordion-icon-left\" aria-hidden=\"true\">\n\t\t\t\t\t\t\t\t\t\t\t\t\t\t\t<span class=\"elementor-accordion-icon-closed\"><i class=\"fas fa-plus\"><\/i><\/span>\n\t\t\t\t\t\t\t\t<span class=\"elementor-accordion-icon-opened\"><i class=\"fas fa-minus\"><\/i><\/span>\n\t\t\t\t\t\t\t\t\t\t\t\t\t\t<\/span>\n\t\t\t\t\t\t\t\t\t\t\t\t<a class=\"elementor-accordion-title\" tabindex=\"0\">Sanfona #2<\/a>\n\t\t\t\t\t<\/div>\n\t\t\t\t\t<div id=\"elementor-tab-content-1362\" class=\"elementor-tab-content elementor-clearfix\" data-tab=\"2\" role=\"region\" aria-labelledby=\"elementor-tab-title-1362\">Lorem ipsum dolor sit amet, consectetur adipiscing elit. Ut elit tellus, luctus nec ullamcorper mattis, pulvinar dapibus leo.<\/div>\n\t\t\t\t<\/div>\n\t\t\t\t\t\t\t<div class=\"elementor-accordion-item\">\n\t\t\t\t\t<div id=\"elementor-tab-title-1363\" class=\"elementor-tab-title\" data-tab=\"3\" role=\"button\" aria-controls=\"elementor-tab-content-1363\" aria-expanded=\"false\">\n\t\t\t\t\t\t\t\t\t\t\t\t\t<span class=\"elementor-accordion-icon elementor-accordion-icon-left\" aria-hidden=\"true\">\n\t\t\t\t\t\t\t\t\t\t\t\t\t\t\t<span class=\"elementor-accordion-icon-closed\"><i class=\"fas fa-plus\"><\/i><\/span>\n\t\t\t\t\t\t\t\t<span class=\"elementor-accordion-icon-opened\"><i class=\"fas fa-minus\"><\/i><\/span>\n\t\t\t\t\t\t\t\t\t\t\t\t\t\t<\/span>\n\t\t\t\t\t\t\t\t\t\t\t\t<a class=\"elementor-accordion-title\" tabindex=\"0\">Sanfona #2<\/a>\n\t\t\t\t\t<\/div>\n\t\t\t\t\t<div id=\"elementor-tab-content-1363\" class=\"elementor-tab-content elementor-clearfix\" data-tab=\"3\" role=\"region\" aria-labelledby=\"elementor-tab-title-1363\">Lorem ipsum dolor sit amet, consectetur adipiscing elit. Ut elit tellus, luctus nec ullamcorper mattis, pulvinar dapibus leo.<\/div>\n\t\t\t\t<\/div>\n\t\t\t\t\t\t\t\t<\/div>\n\t\t\t\t\t\t<\/div>\n\t\t\t\t<\/div>\n\t\t\t\t\t<\/div>\n\t\t<\/div>\n\t\t\t\t\t<\/div>\n\t\t<\/section>\n\t\t\t\t<\/div>\n\t\t","protected":false},"excerpt":{"rendered":"<p>D\u00favidasFrequentes Estrutura Tire todas as suas d\u00favidas Sanfona #1 Lorem ipsum dolor sit amet, consectetur adipiscing elit. Ut elit tellus, luctus nec ullamcorper mattis, pulvinar dapibus<span class=\"excerpt-hellip\"> [\u2026]<\/span><\/p>\n","protected":false},"author":1,"featured_media":0,"parent":0,"menu_order":6,"comment_status":"closed","ping_status":"closed","template":"","meta":{"footnotes":""},"class_list":["post-3119","page","type-page","status-publish","hentry"],"yoast_head":"<!-- This site is optimized with the Yoast SEO plugin v26.9 - https:\/\/yoast.com\/product\/yoast-seo-wordpress\/ -->\n<title>D\u00favidas Frequentes - Tableau<\/title>\n<meta name=\"robots\" content=\"index, follow, max-snippet:-1, max-image-preview:large, max-video-preview:-1\" \/>\n<link rel=\"canonical\" href=\"https:\/\/tableautaubate.com.br\/ensino-tecnico-taubate\/duvidas-frequentes\/\" \/>\n<meta property=\"og:locale\" content=\"pt_BR\" \/>\n<meta property=\"og:type\" content=\"article\" \/>\n<meta property=\"og:title\" content=\"D\u00favidas Frequentes - Tableau\" \/>\n<meta property=\"og:description\" content=\"D\u00favidasFrequentes Estrutura Tire todas as suas d\u00favidas Sanfona #1 Lorem ipsum dolor sit amet, consectetur adipiscing elit. Ut elit tellus, luctus nec ullamcorper mattis, pulvinar dapibus [\u2026]\" \/>\n<meta property=\"og:url\" content=\"https:\/\/tableautaubate.com.br\/ensino-tecnico-taubate\/duvidas-frequentes\/\" \/>\n<meta property=\"og:site_name\" content=\"Tableau\" \/>\n<meta property=\"article:modified_time\" content=\"2024-05-17T13:12:10+00:00\" \/>\n<meta property=\"og:image\" content=\"https:\/\/tableautaubate.com.br\/ensino-tecnico-taubate\/wp-content\/uploads\/2023\/07\/estrutura-min-1.png\" \/>\n\t<meta property=\"og:image:width\" content=\"960\" \/>\n\t<meta property=\"og:image:height\" content=\"652\" \/>\n\t<meta property=\"og:image:type\" content=\"image\/png\" \/>\n<meta name=\"twitter:card\" content=\"summary_large_image\" \/>\n<script type=\"application\/ld+json\" class=\"yoast-schema-graph\">{\"@context\":\"https:\/\/schema.org\",\"@graph\":[{\"@type\":\"WebPage\",\"@id\":\"https:\/\/tableautaubate.com.br\/ensino-tecnico-taubate\/duvidas-frequentes\/\",\"url\":\"https:\/\/tableautaubate.com.br\/ensino-tecnico-taubate\/duvidas-frequentes\/\",\"name\":\"D\u00favidas Frequentes - Tableau\",\"isPartOf\":{\"@id\":\"https:\/\/tableautaubate.com.br\/ensino-tecnico-taubate\/#website\"},\"primaryImageOfPage\":{\"@id\":\"https:\/\/tableautaubate.com.br\/ensino-tecnico-taubate\/duvidas-frequentes\/#primaryimage\"},\"image\":{\"@id\":\"https:\/\/tableautaubate.com.br\/ensino-tecnico-taubate\/duvidas-frequentes\/#primaryimage\"},\"thumbnailUrl\":\"https:\/\/tableautaubate.com.br\/ensino-tecnico-taubate\/wp-content\/uploads\/2023\/07\/estrutura-min-1.png\",\"datePublished\":\"2023-08-13T18:59:32+00:00\",\"dateModified\":\"2024-05-17T13:12:10+00:00\",\"breadcrumb\":{\"@id\":\"https:\/\/tableautaubate.com.br\/ensino-tecnico-taubate\/duvidas-frequentes\/#breadcrumb\"},\"inLanguage\":\"pt-BR\",\"potentialAction\":[{\"@type\":\"ReadAction\",\"target\":[\"https:\/\/tableautaubate.com.br\/ensino-tecnico-taubate\/duvidas-frequentes\/\"]}]},{\"@type\":\"ImageObject\",\"inLanguage\":\"pt-BR\",\"@id\":\"https:\/\/tableautaubate.com.br\/ensino-tecnico-taubate\/duvidas-frequentes\/#primaryimage\",\"url\":\"https:\/\/tableautaubate.com.br\/ensino-tecnico-taubate\/wp-content\/uploads\/2023\/07\/estrutura-min-1.png\",\"contentUrl\":\"https:\/\/tableautaubate.com.br\/ensino-tecnico-taubate\/wp-content\/uploads\/2023\/07\/estrutura-min-1.png\",\"width\":960,\"height\":652},{\"@type\":\"BreadcrumbList\",\"@id\":\"https:\/\/tableautaubate.com.br\/ensino-tecnico-taubate\/duvidas-frequentes\/#breadcrumb\",\"itemListElement\":[{\"@type\":\"ListItem\",\"position\":1,\"name\":\"In\u00edcio\",\"item\":\"https:\/\/tableautaubate.com.br\/ensino-tecnico-taubate\/\"},{\"@type\":\"ListItem\",\"position\":2,\"name\":\"D\u00favidas Frequentes\"}]},{\"@type\":\"WebSite\",\"@id\":\"https:\/\/tableautaubate.com.br\/ensino-tecnico-taubate\/#website\",\"url\":\"https:\/\/tableautaubate.com.br\/ensino-tecnico-taubate\/\",\"name\":\"Tableau\",\"description\":\"Ensino T\u00e9cnico\",\"potentialAction\":[{\"@type\":\"SearchAction\",\"target\":{\"@type\":\"EntryPoint\",\"urlTemplate\":\"https:\/\/tableautaubate.com.br\/ensino-tecnico-taubate\/?s={search_term_string}\"},\"query-input\":{\"@type\":\"PropertyValueSpecification\",\"valueRequired\":true,\"valueName\":\"search_term_string\"}}],\"inLanguage\":\"pt-BR\"}]}<\/script>\n<!-- \/ Yoast SEO plugin. -->","yoast_head_json":{"title":"D\u00favidas Frequentes - Tableau","robots":{"index":"index","follow":"follow","max-snippet":"max-snippet:-1","max-image-preview":"max-image-preview:large","max-video-preview":"max-video-preview:-1"},"canonical":"https:\/\/tableautaubate.com.br\/ensino-tecnico-taubate\/duvidas-frequentes\/","og_locale":"pt_BR","og_type":"article","og_title":"D\u00favidas Frequentes - Tableau","og_description":"D\u00favidasFrequentes Estrutura Tire todas as suas d\u00favidas Sanfona #1 Lorem ipsum dolor sit amet, consectetur adipiscing elit. Ut elit tellus, luctus nec ullamcorper mattis, pulvinar dapibus [\u2026]","og_url":"https:\/\/tableautaubate.com.br\/ensino-tecnico-taubate\/duvidas-frequentes\/","og_site_name":"Tableau","article_modified_time":"2024-05-17T13:12:10+00:00","og_image":[{"width":960,"height":652,"url":"https:\/\/tableautaubate.com.br\/ensino-tecnico-taubate\/wp-content\/uploads\/2023\/07\/estrutura-min-1.png","type":"image\/png"}],"twitter_card":"summary_large_image","schema":{"@context":"https:\/\/schema.org","@graph":[{"@type":"WebPage","@id":"https:\/\/tableautaubate.com.br\/ensino-tecnico-taubate\/duvidas-frequentes\/","url":"https:\/\/tableautaubate.com.br\/ensino-tecnico-taubate\/duvidas-frequentes\/","name":"D\u00favidas Frequentes - Tableau","isPartOf":{"@id":"https:\/\/tableautaubate.com.br\/ensino-tecnico-taubate\/#website"},"primaryImageOfPage":{"@id":"https:\/\/tableautaubate.com.br\/ensino-tecnico-taubate\/duvidas-frequentes\/#primaryimage"},"image":{"@id":"https:\/\/tableautaubate.com.br\/ensino-tecnico-taubate\/duvidas-frequentes\/#primaryimage"},"thumbnailUrl":"https:\/\/tableautaubate.com.br\/ensino-tecnico-taubate\/wp-content\/uploads\/2023\/07\/estrutura-min-1.png","datePublished":"2023-08-13T18:59:32+00:00","dateModified":"2024-05-17T13:12:10+00:00","breadcrumb":{"@id":"https:\/\/tableautaubate.com.br\/ensino-tecnico-taubate\/duvidas-frequentes\/#breadcrumb"},"inLanguage":"pt-BR","potentialAction":[{"@type":"ReadAction","target":["https:\/\/tableautaubate.com.br\/ensino-tecnico-taubate\/duvidas-frequentes\/"]}]},{"@type":"ImageObject","inLanguage":"pt-BR","@id":"https:\/\/tableautaubate.com.br\/ensino-tecnico-taubate\/duvidas-frequentes\/#primaryimage","url":"https:\/\/tableautaubate.com.br\/ensino-tecnico-taubate\/wp-content\/uploads\/2023\/07\/estrutura-min-1.png","contentUrl":"https:\/\/tableautaubate.com.br\/ensino-tecnico-taubate\/wp-content\/uploads\/2023\/07\/estrutura-min-1.png","width":960,"height":652},{"@type":"BreadcrumbList","@id":"https:\/\/tableautaubate.com.br\/ensino-tecnico-taubate\/duvidas-frequentes\/#breadcrumb","itemListElement":[{"@type":"ListItem","position":1,"name":"In\u00edcio","item":"https:\/\/tableautaubate.com.br\/ensino-tecnico-taubate\/"},{"@type":"ListItem","position":2,"name":"D\u00favidas Frequentes"}]},{"@type":"WebSite","@id":"https:\/\/tableautaubate.com.br\/ensino-tecnico-taubate\/#website","url":"https:\/\/tableautaubate.com.br\/ensino-tecnico-taubate\/","name":"Tableau","description":"Ensino T\u00e9cnico","potentialAction":[{"@type":"SearchAction","target":{"@type":"EntryPoint","urlTemplate":"https:\/\/tableautaubate.com.br\/ensino-tecnico-taubate\/?s={search_term_string}"},"query-input":{"@type":"PropertyValueSpecification","valueRequired":true,"valueName":"search_term_string"}}],"inLanguage":"pt-BR"}]}},"_links":{"self":[{"href":"https:\/\/tableautaubate.com.br\/ensino-tecnico-taubate\/wp-json\/wp\/v2\/pages\/3119","targetHints":{"allow":["GET"]}}],"collection":[{"href":"https:\/\/tableautaubate.com.br\/ensino-tecnico-taubate\/wp-json\/wp\/v2\/pages"}],"about":[{"href":"https:\/\/tableautaubate.com.br\/ensino-tecnico-taubate\/wp-json\/wp\/v2\/types\/page"}],"author":[{"embeddable":true,"href":"https:\/\/tableautaubate.com.br\/ensino-tecnico-taubate\/wp-json\/wp\/v2\/users\/1"}],"replies":[{"embeddable":true,"href":"https:\/\/tableautaubate.com.br\/ensino-tecnico-taubate\/wp-json\/wp\/v2\/comments?post=3119"}],"version-history":[{"count":10,"href":"https:\/\/tableautaubate.com.br\/ensino-tecnico-taubate\/wp-json\/wp\/v2\/pages\/3119\/revisions"}],"predecessor-version":[{"id":3977,"href":"https:\/\/tableautaubate.com.br\/ensino-tecnico-taubate\/wp-json\/wp\/v2\/pages\/3119\/revisions\/3977"}],"wp:attachment":[{"href":"https:\/\/tableautaubate.com.br\/ensino-tecnico-taubate\/wp-json\/wp\/v2\/media?parent=3119"}],"curies":[{"name":"wp","href":"https:\/\/api.w.org\/{rel}","templated":true}]}}